{"id":117939,"date":"2025-04-23T15:54:34","date_gmt":"2025-04-23T15:54:34","guid":{"rendered":"http:\/\/ferreteriaaries.com\/?page_id=117939"},"modified":"2025-04-23T15:55:26","modified_gmt":"2025-04-23T15:55:26","slug":"aviso-legal-y-politica-de-privacidad","status":"publish","type":"page","link":"https:\/\/ferreteriaaries.com\/?page_id=117939","title":{"rendered":"Aviso Legal y Pol\u00edtica de Privacidad"},"content":{"rendered":"\n<p>AVISO LEGAL<br>En cumplimiento con lo dispuesto en la Ley 34\/2002, de 11 de julio, de Servicios de la Sociedad<br>de la Informaci\u00f3n y del Comercio Electr\u00f3nico (LSSI-CE), se informa a los usuarios de los datos<br>del titular de este sitio web:<br>\uf0b7 Titular: Ferreter\u00eda Aries, S.A.<br>\uf0b7 CIF: A50047646<br>\uf0b7 Domicilio social: C\/Vicente Berdusan 46 50010 Zaragoza<br>\uf0b7 Tel\u00e9fono de contacto: 976.504250<br>\uf0b7 Correo electr\u00f3nico: ventasfar@ferreteriaaries.com<br>\uf0b7 Registro mercantil: Inscrita en el Registro Mercantil de Zaragoza, Tomo 307, Folio 102-<br>103, Hoja 4602.<br>El acceso y uso de este sitio web implica la aceptaci\u00f3n de las condiciones aqu\u00ed reflejadas.<\/p>\n\n\n\n<p>POL\u00cdTICA DE PRIVACIDAD<\/p>\n\n\n\n<p>De acuerdo con lo establecido Ley Org\u00e1nica 3\/2018, de 5 de diciembre, de Protecci\u00f3n de Datos<br>Personales y garant\u00eda de los derechos digitales (en adelante, LOPD), as\u00ed como el Reglamento<br>(UE) 2016\/679 del Parlamento y del Consejo de 27 de abril de 2016 relativo a la protecci\u00f3n de<br>las personas f\u00edsicas en lo que respecta al tratamiento de datos personales y a la libre<br>circulaci\u00f3n de estos datos (en lo sucesivo, RGPD), FERRETERIA ARIES, S.A.. informa a los<br>usuarios de su Pol\u00edtica de Protecci\u00f3n de Datos, para que estos determinen libre y<br>voluntariamente si desean facilitar los datos personales que se le puedan requerir con ocasi\u00f3n<br>de la suscripci\u00f3n o alta en algunos de los servicios ofrecidos.<br>FERRETERIA ARIES, S.A. se reserva el derecho a modificar la presente pol\u00edtica para adaptarla a<br>novedades o exigencias legislativas y jurisprudenciales, as\u00ed como a pr\u00e1cticas de la industria,<br>teniendo en todo momento en cuenta los leg\u00edtimos intereses del consumidor o usuario.<br>Ciertos servicios prestados en la web pueden contener condiciones particulares con<br>previsiones espec\u00edficas en materia de protecci\u00f3n de datos personales.<br>Confidencialidad en el tratamiento automatizado de los datos de car\u00e1cter personal de los<br>Usuarios<br>Los datos personales recogidos a trav\u00e9s de la web por FERRETERIA ARIES, S.A. ser\u00e1n tratados<br>de forma secreta y confidencial.<br>Los datos personales recogidos ser\u00e1n objeto de tratamiento automatizado e incorporados a los<br>correspondientes registros de actividades de tratamiento automatizados titularidad y<br>responsabilidad de FERRETERIA ARIES, S.A.<br>FERRETERIA ARIES, S.A. proporcionar\u00e1 a los Usuarios los recursos t\u00e9cnicos adecuados para que,<br>con car\u00e1cter previo a la entrega de los datos personales, puedan acceder a este aviso sobre la<br>Pol\u00edtica de Protecci\u00f3n de Datos de Car\u00e1cter Personal o a cualquier otra informaci\u00f3n relevante,<br>y puedan prestar su consentimiento a fin de que FERRETERIA ARIES, S.A. proceda al<\/p>\n\n\n\n<p>tratamiento automatizado de los datos personales de los Usuarios. La aceptaci\u00f3n del Usuario<br>para que sus datos puedan ser tratados tiene siempre car\u00e1cter revocable, sin efectos<br>retroactivos.<br>Finalidad de la recogida y tratamiento automatizado de los datos de car\u00e1cter personal<br>FERRETERIA ARIES, S.A.. como responsable del tratamiento le informa que la recogida y<br>tratamiento automatizado de los datos de car\u00e1cter personal solicitados tiene como finalidad la<br>gesti\u00f3n, administraci\u00f3n, prestaci\u00f3n, ampliaci\u00f3n y mejora de los servicios ofrecidos por<br>FERRETERIA ARIES, S.A. todo lo anterior basado en la relaci\u00f3n contractual que mantenga con<br>FERRETERIA ARIES, S.A. o su consentimiento. Asimismo, basado en el inter\u00e9s leg\u00edtimo, tiene<br>como finalidad el estudio cuantitativo y cualitativo de las visitas y de la utilizaci\u00f3n de los<br>servicios por parte de los Usuarios, el dise\u00f1o de nuevos servicios relacionados con los servicios<br>propios de FERRETERIA ARIES, S.A. y sus actualizaciones, y el env\u00edo por medios tradicionales y<br>electr\u00f3nicos de informaci\u00f3n t\u00e9cnica, operativa, aquella relacionada con los par\u00e1metros<br>concretos seleccionados por el Usuario en el Formulario de Suscripci\u00f3n, formularios de<br>encuestas o informaci\u00f3n comercial o publicitaria acerca de los productos y servicios ofrecidos<br>por FERRETERIA ARIES, S.A. o por terceros Colaboradores.<br>El Usuario no queda obligado a recibir la mencionada publicidad ni los formularios de<br>encuestas, se\u00f1al\u00e1ndolo as\u00ed, a trav\u00e9s de las v\u00edas dispuestas al efecto por FERRETERIA ARIES, S.A.<br>en el Formulario de Suscripci\u00f3n a los servicios ofrecidos, mediante comunicaci\u00f3n por escrito o<br>directamente a trav\u00e9s del procedimiento previsto en cada una de las comunicaciones<br>comerciales.<br>FERRETERIA ARIES, S.A. como consecuencia de la existencia de una relaci\u00f3n contractual previa<br>y basado en el inter\u00e9s leg\u00edtimo, podr\u00e1 enviar comunicaciones comerciales, referentes a<br>productos o servicios propios similares a los que inicialmente fueron objeto de contrataci\u00f3n<br>con el Usuario, sin necesidad de contar con su autorizaci\u00f3n o solicitud expresa. No obstante, el<br>Usuario, en todo caso, dispondr\u00e1 de los medios arriba dispuestos para mostrar su oposici\u00f3n a<br>la recepci\u00f3n de este tipo de comunicaciones comerciales.<br>En ning\u00fan caso FERRETERIA ARIES, S.A. utilizar\u00e1 los datos personales de los Usuarios para fines<br>distintos de los anteriormente mencionados.<br>El Usuario manifiesta que todos los datos facilitados por \u00e9l son ciertos y correctos, y se<br>compromete a comunicar a FERRETERIA ARIES, S.A. los cambios que se produzcan en los<br>mismos. El Usuario tiene derecho a oponerse al tratamiento de cualquiera de sus datos que no<br>sean imprescindibles para la celebraci\u00f3n del contrato y a su utilizaci\u00f3n para cualquier finalidad<br>distinta del mantenimiento de su relaci\u00f3n contractual.<br>Asimismo, el Usuario garantiza ser mayor de 14 a\u00f1os y tener reconocida la suficiente<br>capacidad jur\u00eddica y de obrar como para contratar los servicios ofrecidos por FERRETERIA<br>ARIES, S.A. de acuerdo con las normas aplicables.<br>Datos personales de terceros suministrados por el Usuario a FERRETERIA ARIES, S.A.<br>En el caso de que el Usuario facilite datos personales de terceros, FERRETERIA ARIES, S.A. no<br>puede responsabilizarse del cumplimiento de los principios de informaci\u00f3n y consentimiento,<br>por lo que deber\u00e1 ser el Usuario qui\u00e9n garantice a FERRETERIA ARIES, S.A. . haber informado<br>previamente y obtenido el consentimiento expreso del titular de los mismos para comunicar<br>sus datos a FERRETERIA ARIES, S.A. Para ello, deber\u00e1 informarles de la presente pol\u00edtica de<\/p>\n\n\n\n<p>privacidad y obtener el consentimiento expreso para el tratamiento de sus datos por parte de<br>FERRETERIA ARIES, S.A. El Usuario responder\u00e1 frente a FERRETERIA ARIES, S.A. y mantendr\u00e1<br>indemne a FERRETERIA ARIES, S.A. de cualquier incumplimiento en que se pudiera incurrir por<br>este hecho.<br>Cesi\u00f3n de datos personales de los Usuarios a terceros<br>La cesi\u00f3n de los datos personales de los Usuarios a terceros no se realizar\u00e1 sin el previo<br>consentimiento de los Usuarios. En tal caso, FERRETERIA ARIES, S.A. informar\u00e1 expresamente<br>al Usuario sobre la cesi\u00f3n de sus datos de car\u00e1cter personal a terceros, indicando la identidad<br>de los cesionarios y la finalidad de la cesi\u00f3n de los datos de car\u00e1cter personal.<br>No obstante lo se\u00f1alado en el p\u00e1rrafo anterior, el Usuario consiente que se utilizar\u00e1 la<br>informaci\u00f3n de sus datos personales cuando as\u00ed sea requerido por las Administraciones<br>P\u00fablicas, Agencia Tributaria, Tribunales y Autoridades administrativas competentes o por<br>mandato judicial; as\u00ed como tambi\u00e9n, en general, a las personas f\u00edsicas o jur\u00eddicas a las que sea<br>necesario comunicar los mencionados datos para la correcta y mejor atenci\u00f3n del cliente o por<br>obligaci\u00f3n legal. La aceptaci\u00f3n del Usuario para que sus datos puedan ser cedidos tiene<br>siempre car\u00e1cter revocable, sin efectos retroactivos.<br>Tiempo de conservaci\u00f3n de los datos personales<br>Sus datos, ser\u00e1n conservados el tiempo m\u00ednimo necesario para la correcta prestaci\u00f3n del<br>servicio ofrecido, as\u00ed como para atender las responsabilidades que se pudieran derivar del<br>mismo y de cualquier otra exigencia legal.<br>En el caso de uso de sus datos para recibir comunicaciones comerciales de FERRETERIA ARIES,<br>S.A.., sus datos ser\u00e1n mantenidos hasta que manifieste su voluntad de dejar de recibir dichas<br>comunicaciones, ya sea por el medio ofrecido en la propia comunicaci\u00f3n o a trav\u00e9s de una de<br>las formas que se recogen en el siguiente punto.<br>Derechos de los Usuarios en relaci\u00f3n a sus datos personales<br>Los Usuarios tienen reconocidos, y podr\u00e1n ejercitar los derechos de acceso, rectificaci\u00f3n,<br>supresi\u00f3n, oposici\u00f3n, limitaci\u00f3n y portabilidad de sus datos para lo cual deber\u00e1n enviar una<br>carta o correo electr\u00f3nico, adjuntando copia de su DNI u otro documento de identificaci\u00f3n<br>equivalente, a la siguiente direcci\u00f3n:<br>FERRETERIA ARIES, S.A.<br>CIF: A 50047646<br>Domicilio Social<br>C\/Vicente Berdusan 46<br>50010 Zaragoza<br>Dispone de los modelos, formularios y m\u00e1s informaci\u00f3n disponible sobre sus derechos en la<br>p\u00e1gina web de la autoridad de control nacional, Agencia Espa\u00f1ola de Protecci\u00f3n de Datos<br>www.agpd.es<br>Seguridad y actualizaci\u00f3n de sus datos personales<br>FERRETERIA ARIES, S.A. ha adoptado los niveles de seguridad de protecci\u00f3n de los datos<br>personales legalmente requeridos, y ha instalado todos los medios y medidas t\u00e9cnicas a su<\/p>\n\n\n\n<p>alcance para evitar la p\u00e9rdida, mal uso, alteraci\u00f3n, acceso no autorizado y robo de los datos<br>personales facilitados en atenci\u00f3n al estado de la t\u00e9cnica conforme a la legalidad vigente. A<br>pesar de ello, el Usuario debe ser consciente de que las medidas de seguridad en Internet no<br>son inexpugnables.<br>Es importante que, para que podamos mantener sus datos personales actualizados, nos<br>informe siempre que se produzca una modificaci\u00f3n de los mismos.<br>Baja en el servicio del env\u00edo de comunicaciones comerciales<br>El Usuario tiene derecho a revocar en cualquier momento el consentimiento prestado para el<br>env\u00edo de comunicaciones comerciales notificando a FERRETERIA ARIES, S.A. que no desea<br>seguir recibiendo las mismas. Para ello, el Usuario podr\u00e1 o bien revocar su consentimiento en<br>la forma descrita en el apartado anterior relativo a los derechos de los usuarios en relaci\u00f3n a<br>sus datos personales o bien pinchar en el enlace incluido en cada comunicaci\u00f3n comercial<br>cancelando el env\u00edo de comunicaciones.<\/p>\n","protected":false},"excerpt":{"rendered":"<p>AVISO LEGALEn cumplimiento con lo dispuesto en la Ley 34\/2002, de 11 de julio, de Servicios de la Sociedadde la [&hellip;]<\/p>\n","protected":false},"author":1,"featured_media":0,"parent":0,"menu_order":0,"comment_status":"closed","ping_status":"closed","template":"elementor_header_footer","meta":{"_acf_changed":false,"site-sidebar-layout":"default","site-content-layout":"","ast-site-content-layout":"default","site-content-style":"default","site-sidebar-style":"default","ast-global-header-display":"","ast-banner-title-visibility":"","ast-main-header-display":"","ast-hfb-above-header-display":"","ast-hfb-below-header-display":"","ast-hfb-mobile-header-display":"","site-post-title":"","ast-breadcrumbs-content":"","ast-featured-img":"","footer-sml-layout":"","theme-transparent-header-meta":"","adv-header-id-meta":"","stick-header-meta":"","header-above-stick-meta":"","header-main-stick-meta":"","header-below-stick-meta":"","astra-migrate-meta-layouts":"default","ast-page-background-enabled":"default","ast-page-background-meta":{"desktop":{"background-color":"var(--ast-global-color-5)","background-image":"","background-repeat":"repeat","background-position":"center center","background-size":"auto","background-attachment":"scroll","background-type":"","background-media":"","overlay-type":"","overlay-color":"","overlay-opacity":"","overlay-gradient":""},"tablet":{"background-color":"","background-image":"","background-repeat":"repeat","background-position":"center center","background-size":"auto","background-attachment":"scroll","background-type":"","background-media":"","overlay-type":"","overlay-color":"","overlay-opacity":"","overlay-gradient":""},"mobile":{"background-color":"","background-image":"","background-repeat":"repeat","background-position":"center center","background-size":"auto","background-attachment":"scroll","background-type":"","background-media":"","overlay-type":"","overlay-color":"","overlay-opacity":"","overlay-gradient":""}},"ast-content-background-meta":{"desktop":{"background-color":"var(--ast-global-color-4)","background-image":"","background-repeat":"repeat","background-position":"center center","background-size":"auto","background-attachment":"scroll","background-type":"","background-media":"","overlay-type":"","overlay-color":"","overlay-opacity":"","overlay-gradient":""},"tablet":{"background-color":"var(--ast-global-color-4)","background-image":"","background-repeat":"repeat","background-position":"center center","background-size":"auto","background-attachment":"scroll","background-type":"","background-media":"","overlay-type":"","overlay-color":"","overlay-opacity":"","overlay-gradient":""},"mobile":{"background-color":"var(--ast-global-color-4)","background-image":"","background-repeat":"repeat","background-position":"center center","background-size":"auto","background-attachment":"scroll","background-type":"","background-media":"","overlay-type":"","overlay-color":"","overlay-opacity":"","overlay-gradient":""}},"footnotes":""},"class_list":["post-117939","page","type-page","status-publish","hentry"],"acf":[],"_links":{"self":[{"href":"https:\/\/ferreteriaaries.com\/index.php?rest_route=\/wp\/v2\/pages\/117939","targetHints":{"allow":["GET"]}}],"collection":[{"href":"https:\/\/ferreteriaaries.com\/index.php?rest_route=\/wp\/v2\/pages"}],"about":[{"href":"https:\/\/ferreteriaaries.com\/index.php?rest_route=\/wp\/v2\/types\/page"}],"author":[{"embeddable":true,"href":"https:\/\/ferreteriaaries.com\/index.php?rest_route=\/wp\/v2\/users\/1"}],"replies":[{"embeddable":true,"href":"https:\/\/ferreteriaaries.com\/index.php?rest_route=%2Fwp%2Fv2%2Fcomments&post=117939"}],"version-history":[{"count":2,"href":"https:\/\/ferreteriaaries.com\/index.php?rest_route=\/wp\/v2\/pages\/117939\/revisions"}],"predecessor-version":[{"id":117941,"href":"https:\/\/ferreteriaaries.com\/index.php?rest_route=\/wp\/v2\/pages\/117939\/revisions\/117941"}],"wp:attachment":[{"href":"https:\/\/ferreteriaaries.com\/index.php?rest_route=%2Fwp%2Fv2%2Fmedia&parent=117939"}],"curies":[{"name":"wp","href":"https:\/\/api.w.org\/{rel}","templated":true}]}}