{"id":9498,"date":"2022-09-07T13:51:31","date_gmt":"2022-09-07T13:51:31","guid":{"rendered":"http:\/\/dummy.xtemos.com\/woodmart2\/accessories-elementor\/?page_id=14"},"modified":"2026-02-20T08:44:35","modified_gmt":"2026-02-20T07:44:35","slug":"sobre-nosotros","status":"publish","type":"page","link":"https:\/\/ferreteriaaries.com\/?page_id=9498","title":{"rendered":"Sobre nosotros"},"content":{"rendered":"\t\t<div data-elementor-type=\"wp-page\" data-elementor-id=\"9498\" class=\"elementor elementor-9498\" data-elementor-post-type=\"page\">\n\t\t\t\t<div class=\"elementor-element elementor-element-2563b9c e-flex e-con-boxed e-con e-parent\" data-id=\"2563b9c\" data-element_type=\"container\" data-settings=\"{&quot;background_background&quot;:&quot;classic&quot;}\">\n\t\t\t\t\t<div class=\"e-con-inner\">\n\t\t<div class=\"elementor-element elementor-element-f8d1db4 e-con-full e-flex e-con e-child\" data-id=\"f8d1db4\" data-element_type=\"container\">\n\t\t\t\t<div class=\"elementor-element elementor-element-c630da8 elementor-widget elementor-widget-heading\" data-id=\"c630da8\" data-element_type=\"widget\" data-widget_type=\"heading.default\">\n\t\t\t\t<div class=\"elementor-widget-container\">\n\t\t\t\t\t<h2 class=\"elementor-heading-title elementor-size-default\">Nuestra Historia<\/h2>\t\t\t\t<\/div>\n\t\t\t\t<\/div>\n\t\t\t\t<div class=\"elementor-element elementor-element-c850508 elementor-widget elementor-widget-text-editor\" data-id=\"c850508\" data-element_type=\"widget\" data-widget_type=\"text-editor.default\">\n\t\t\t\t<div class=\"elementor-widget-container\">\n\t\t\t\t\t\t\t\t\t<p>En 1975, en la ciudad de Zaragoza, cuatro ferreteros decidieron unir sus<br \/>fuerzas y conocimientos para fundar Ferreter\u00eda Aries, que con el tiempo se<br \/>consolidar\u00eda como un referente en el sector. Con un fuerte compromiso<br \/>con la calidad y el servicio al cliente, esta peque\u00f1a empresa comenz\u00f3 a<br \/>crecer y a ganarse la confianza de los zaragozanos.<br \/>Los cuatro socios fundadores, con una visi\u00f3n compartida y<br \/>complementaria, apostaron por ofrecer productos de alta calidad a<br \/>precios competitivos, manteniendo siempre una atenci\u00f3n cercana y<br \/>personalizada. Su filosof\u00eda de trabajo, centrada en la satisfacci\u00f3n del<br \/>cliente, les permiti\u00f3 superar todos los obst\u00e1culos a los que se enfrentaron.<br \/>Con el paso de los a\u00f1os, Ferreter\u00eda Aries fue ampliando su oferta,<br \/>adapt\u00e1ndose a las necesidades cambiantes del mercado y los avances<br \/>tecnol\u00f3gicos, y a la vez manteniendo su esencia de empresa local, cercana<br \/>y de confianza. Hoy en d\u00eda, 50 a\u00f1os despu\u00e9s, nuestra empresa sigue<br \/>siendo un pilar fundamental en Zaragoza.<br \/>La historia de Ferreter\u00eda Aries, es un claro ejemplo de c\u00f3mo una peque\u00f1a<br \/>empresa, fundada con pasi\u00f3n y dedicaci\u00f3n, puede convertirse en una<br \/>referencia del sector, manteniendo siempre su compromiso con la calidad,<br \/>la confianza y el buen hacer.<\/p>\t\t\t\t\t\t\t\t<\/div>\n\t\t\t\t<\/div>\n\t\t\t\t<\/div>\n\t\t<div class=\"elementor-element elementor-element-3f6c529 e-con-full e-flex e-con e-child\" data-id=\"3f6c529\" data-element_type=\"container\">\n\t\t<div class=\"elementor-element elementor-element-10cf425 e-con-full elementor-hidden-mobile elementor-hidden-tablet e-flex e-con e-child\" data-id=\"10cf425\" data-element_type=\"container\">\n\t\t\t\t<div class=\"elementor-element elementor-element-8fc7a66 elementor-widget elementor-widget-image\" data-id=\"8fc7a66\" data-element_type=\"widget\" data-widget_type=\"image.default\">\n\t\t\t\t<div class=\"elementor-widget-container\">\n\t\t\t\t\t\t\t\t\t\t\t\t\t\t\t<img fetchpriority=\"high\" decoding=\"async\" width=\"808\" height=\"540\" src=\"https:\/\/ferreteriaaries.com\/wp-content\/uploads\/2025\/02\/431074861_821741009968719_4919680626289166771_n.jpg\" class=\"attachment-large size-large wp-image-76322\" alt=\"\" srcset=\"https:\/\/ferreteriaaries.com\/wp-content\/uploads\/2025\/02\/431074861_821741009968719_4919680626289166771_n.jpg 808w, https:\/\/ferreteriaaries.com\/wp-content\/uploads\/2025\/02\/431074861_821741009968719_4919680626289166771_n-300x200.jpg 300w, https:\/\/ferreteriaaries.com\/wp-content\/uploads\/2025\/02\/431074861_821741009968719_4919680626289166771_n-768x513.jpg 768w\" sizes=\"(max-width: 808px) 100vw, 808px\" \/>\t\t\t\t\t\t\t\t\t\t\t\t\t\t\t<\/div>\n\t\t\t\t<\/div>\n\t\t\t\t<div class=\"elementor-element elementor-element-c6268e7 elementor-widget elementor-widget-image\" data-id=\"c6268e7\" data-element_type=\"widget\" data-widget_type=\"image.default\">\n\t\t\t\t<div class=\"elementor-widget-container\">\n\t\t\t\t\t\t\t\t\t\t\t\t\t\t\t<img decoding=\"async\" width=\"920\" height=\"1024\" src=\"https:\/\/ferreteriaaries.com\/wp-content\/uploads\/2025\/04\/Aries-Cuarte-Ferrymas-_2-920x1024.jpg\" class=\"attachment-large size-large wp-image-117878\" alt=\"\" srcset=\"https:\/\/ferreteriaaries.com\/wp-content\/uploads\/2025\/04\/Aries-Cuarte-Ferrymas-_2-920x1024.jpg 920w, https:\/\/ferreteriaaries.com\/wp-content\/uploads\/2025\/04\/Aries-Cuarte-Ferrymas-_2-scaled-1200x1336.jpg 1200w, https:\/\/ferreteriaaries.com\/wp-content\/uploads\/2025\/04\/Aries-Cuarte-Ferrymas-_2-269x300.jpg 269w, https:\/\/ferreteriaaries.com\/wp-content\/uploads\/2025\/04\/Aries-Cuarte-Ferrymas-_2-768x855.jpg 768w, https:\/\/ferreteriaaries.com\/wp-content\/uploads\/2025\/04\/Aries-Cuarte-Ferrymas-_2-1380x1536.jpg 1380w, https:\/\/ferreteriaaries.com\/wp-content\/uploads\/2025\/04\/Aries-Cuarte-Ferrymas-_2-1840x2048.jpg 1840w\" sizes=\"(max-width: 920px) 100vw, 920px\" \/>\t\t\t\t\t\t\t\t\t\t\t\t\t\t\t<\/div>\n\t\t\t\t<\/div>\n\t\t\t\t<\/div>\n\t\t<div class=\"elementor-element elementor-element-7887001 e-con-full e-flex e-con e-child\" data-id=\"7887001\" data-element_type=\"container\">\n\t\t\t\t<div class=\"elementor-element elementor-element-c2a2358 elementor-widget elementor-widget-image\" data-id=\"c2a2358\" data-element_type=\"widget\" data-widget_type=\"image.default\">\n\t\t\t\t<div class=\"elementor-widget-container\">\n\t\t\t\t\t\t\t\t\t\t\t\t\t\t\t<img decoding=\"async\" width=\"1024\" height=\"768\" src=\"https:\/\/ferreteriaaries.com\/wp-content\/uploads\/2025\/11\/IMG_6901-1-1024x768.jpg\" class=\"attachment-large size-large wp-image-171448\" alt=\"\" srcset=\"https:\/\/ferreteriaaries.com\/wp-content\/uploads\/2025\/11\/IMG_6901-1-1024x768.jpg 1024w, https:\/\/ferreteriaaries.com\/wp-content\/uploads\/2025\/11\/IMG_6901-1-300x225.jpg 300w, https:\/\/ferreteriaaries.com\/wp-content\/uploads\/2025\/11\/IMG_6901-1-768x576.jpg 768w, https:\/\/ferreteriaaries.com\/wp-content\/uploads\/2025\/11\/IMG_6901-1-1200x900.jpg 1200w, https:\/\/ferreteriaaries.com\/wp-content\/uploads\/2025\/11\/IMG_6901-1.jpg 1253w\" sizes=\"(max-width: 1024px) 100vw, 1024px\" \/>\t\t\t\t\t\t\t\t\t\t\t\t\t\t\t<\/div>\n\t\t\t\t<\/div>\n\t\t\t\t<\/div>\n\t\t\t\t<\/div>\n\t\t\t\t\t<\/div>\n\t\t\t\t<\/div>\n\t\t\t\t<\/div>\n\t\t","protected":false},"excerpt":{"rendered":"<p>Nuestra Historia En 1975, en la ciudad de Zaragoza, cuatro ferreteros decidieron unir susfuerzas y conocimientos para fundar Ferreter\u00eda Aries, [&hellip;]<\/p>\n","protected":false},"author":1,"featured_media":0,"parent":0,"menu_order":0,"comment_status":"closed","ping_status":"closed","template":"elementor_header_footer","meta":{"_acf_changed":false,"site-sidebar-layout":"default","site-content-layout":"","ast-site-content-layout":"default","site-content-style":"default","site-sidebar-style":"default","ast-global-header-display":"","ast-banner-title-visibility":"","ast-main-header-display":"","ast-hfb-above-header-display":"","ast-hfb-below-header-display":"","ast-hfb-mobile-header-display":"","site-post-title":"","ast-breadcrumbs-content":"","ast-featured-img":"","footer-sml-layout":"","theme-transparent-header-meta":"","adv-header-id-meta":"","stick-header-meta":"","header-above-stick-meta":"","header-main-stick-meta":"","header-below-stick-meta":"","astra-migrate-meta-layouts":"default","ast-page-background-enabled":"default","ast-page-background-meta":{"desktop":{"background-color":"var(--ast-global-color-5)","background-image":"","background-repeat":"repeat","background-position":"center center","background-size":"auto","background-attachment":"scroll","background-type":"","background-media":"","overlay-type":"","overlay-color":"","overlay-opacity":"","overlay-gradient":""},"tablet":{"background-color":"","background-image":"","background-repeat":"repeat","background-position":"center center","background-size":"auto","background-attachment":"scroll","background-type":"","background-media":"","overlay-type":"","overlay-color":"","overlay-opacity":"","overlay-gradient":""},"mobile":{"background-color":"","background-image":"","background-repeat":"repeat","background-position":"center center","background-size":"auto","background-attachment":"scroll","background-type":"","background-media":"","overlay-type":"","overlay-color":"","overlay-opacity":"","overlay-gradient":""}},"ast-content-background-meta":{"desktop":{"background-color":"var(--ast-global-color-4)","background-image":"","background-repeat":"repeat","background-position":"center center","background-size":"auto","background-attachment":"scroll","background-type":"","background-media":"","overlay-type":"","overlay-color":"","overlay-opacity":"","overlay-gradient":""},"tablet":{"background-color":"var(--ast-global-color-4)","background-image":"","background-repeat":"repeat","background-position":"center center","background-size":"auto","background-attachment":"scroll","background-type":"","background-media":"","overlay-type":"","overlay-color":"","overlay-opacity":"","overlay-gradient":""},"mobile":{"background-color":"var(--ast-global-color-4)","background-image":"","background-repeat":"repeat","background-position":"center center","background-size":"auto","background-attachment":"scroll","background-type":"","background-media":"","overlay-type":"","overlay-color":"","overlay-opacity":"","overlay-gradient":""}},"footnotes":""},"class_list":["post-9498","page","type-page","status-publish","hentry"],"acf":[],"_links":{"self":[{"href":"https:\/\/ferreteriaaries.com\/index.php?rest_route=\/wp\/v2\/pages\/9498","targetHints":{"allow":["GET"]}}],"collection":[{"href":"https:\/\/ferreteriaaries.com\/index.php?rest_route=\/wp\/v2\/pages"}],"about":[{"href":"https:\/\/ferreteriaaries.com\/index.php?rest_route=\/wp\/v2\/types\/page"}],"author":[{"embeddable":true,"href":"https:\/\/ferreteriaaries.com\/index.php?rest_route=\/wp\/v2\/users\/1"}],"replies":[{"embeddable":true,"href":"https:\/\/ferreteriaaries.com\/index.php?rest_route=%2Fwp%2Fv2%2Fcomments&post=9498"}],"version-history":[{"count":5,"href":"https:\/\/ferreteriaaries.com\/index.php?rest_route=\/wp\/v2\/pages\/9498\/revisions"}],"predecessor-version":[{"id":171486,"href":"https:\/\/ferreteriaaries.com\/index.php?rest_route=\/wp\/v2\/pages\/9498\/revisions\/171486"}],"wp:attachment":[{"href":"https:\/\/ferreteriaaries.com\/index.php?rest_route=%2Fwp%2Fv2%2Fmedia&parent=9498"}],"curies":[{"name":"wp","href":"https:\/\/api.w.org\/{rel}","templated":true}]}}