{"id":119199,"date":"2025-12-12T11:40:52","date_gmt":"2025-12-12T10:40:52","guid":{"rendered":"http:\/\/ferreteriaaries.com\/set-3-esponja-lijado-expert-s473\/"},"modified":"2025-12-12T11:40:58","modified_gmt":"2025-12-12T10:40:58","slug":"set-3-esponja-lijado-expert-s473","status":"publish","type":"product","link":"https:\/\/ferreteriaaries.com\/?product=set-3-esponja-lijado-expert-s473","title":{"rendered":"SET 3 ESPONJA LIJADO EXPERT S473"},"content":{"rendered":"<p>El set de 3 esponjas de lijado Expert S473 de BOSCH es la soluci\u00f3n perfecta para obtener acabados suaves y profesionales en una amplia variedad de superficies. Estas esponjas de alta calidad est\u00e1n dise\u00f1adas para proporcionar un lijado uniforme y eficiente, tanto en \u00e1reas planas como curvas, y son ideales para trabajos de desbaste, eliminaci\u00f3n de material y acabado fino. Su estructura flexible se adapta f\u00e1cilmente a la superficie, mientras que su durabilidad garantiza resultados consistentes a lo largo de varios proyectos. Perfectas para uso en madera, metal y otros materiales, las esponjas de lijado BOSCH son la herramienta ideal para profesionales y aficionados al bricolaje que buscan un lijado preciso y sin esfuerzo. Disponible en nuestra tienda online, este set de 3 esponjas es esencial para quienes buscan calidad y versatilidad en sus trabajos de lijado.<\/p>\n","protected":false},"excerpt":{"rendered":"<p>El set de 3 esponjas de lijado Expert S473 de BOSCH es la soluci\u00f3n perfecta para obtener acabados suaves y [&hellip;]<\/p>\n","protected":false},"featured_media":0,"comment_status":"closed","ping_status":"open","template":"","meta":{"_acf_changed":false,"site-sidebar-layout":"default","site-content-layout":"","ast-site-content-layout":"default","site-content-style":"default","site-sidebar-style":"default","ast-global-header-display":"","ast-banner-title-visibility":"","ast-main-header-display":"","ast-hfb-above-header-display":"","ast-hfb-below-header-display":"","ast-hfb-mobile-header-display":"","site-post-title":"","ast-breadcrumbs-content":"","ast-featured-img":"","footer-sml-layout":"","theme-transparent-header-meta":"","adv-header-id-meta":"","stick-header-meta":"","header-above-stick-meta":"","header-main-stick-meta":"","header-below-stick-meta":"","astra-migrate-meta-layouts":"default","ast-page-background-enabled":"default","ast-page-background-meta":{"desktop":{"background-color":"var(--ast-global-color-5)","background-image":"","background-repeat":"repeat","background-position":"center center","background-size":"auto","background-attachment":"scroll","background-type":"","background-media":"","overlay-type":"","overlay-color":"","overlay-opacity":"","overlay-gradient":""},"tablet":{"background-color":"","background-image":"","background-repeat":"repeat","background-position":"center center","background-size":"auto","background-attachment":"scroll","background-type":"","background-media":"","overlay-type":"","overlay-color":"","overlay-opacity":"","overlay-gradient":""},"mobile":{"background-color":"","background-image":"","background-repeat":"repeat","background-position":"center center","background-size":"auto","background-attachment":"scroll","background-type":"","background-media":"","overlay-type":"","overlay-color":"","overlay-opacity":"","overlay-gradient":""}},"ast-content-background-meta":{"desktop":{"background-color":"var(--ast-global-color-4)","background-image":"","background-repeat":"repeat","background-position":"center center","background-size":"auto","background-attachment":"scroll","background-type":"","background-media":"","overlay-type":"","overlay-color":"","overlay-opacity":"","overlay-gradient":""},"tablet":{"background-color":"var(--ast-global-color-4)","background-image":"","background-repeat":"repeat","background-position":"center center","background-size":"auto","background-attachment":"scroll","background-type":"","background-media":"","overlay-type":"","overlay-color":"","overlay-opacity":"","overlay-gradient":""},"mobile":{"background-color":"var(--ast-global-color-4)","background-image":"","background-repeat":"repeat","background-position":"center center","background-size":"auto","background-attachment":"scroll","background-type":"","background-media":"","overlay-type":"","overlay-color":"","overlay-opacity":"","overlay-gradient":""}}},"product_brand":[3937],"product_cat":[4725,2056,2055],"product_tag":[],"class_list":{"0":"post-119199","1":"product","2":"type-product","3":"status-publish","5":"product_brand-bosch","6":"product_cat-abrasivos","7":"product_cat-adhesivos-y-lubricantes","8":"product_cat-ferreteria","9":"desktop-align-left","10":"tablet-align-left","11":"mobile-align-left","12":"ast-product-gallery-layout-horizontal-slider","13":"ast-product-gallery-with-no-image","14":"ast-product-tabs-layout-horizontal","16":"first","17":"instock","18":"purchasable","19":"product-type-simple"},"acf":[],"_links":{"self":[{"href":"https:\/\/ferreteriaaries.com\/index.php?rest_route=\/wp\/v2\/product\/119199","targetHints":{"allow":["GET"]}}],"collection":[{"href":"https:\/\/ferreteriaaries.com\/index.php?rest_route=\/wp\/v2\/product"}],"about":[{"href":"https:\/\/ferreteriaaries.com\/index.php?rest_route=\/wp\/v2\/types\/product"}],"replies":[{"embeddable":true,"href":"https:\/\/ferreteriaaries.com\/index.php?rest_route=%2Fwp%2Fv2%2Fcomments&post=119199"}],"version-history":[{"count":4,"href":"https:\/\/ferreteriaaries.com\/index.php?rest_route=\/wp\/v2\/product\/119199\/revisions"}],"predecessor-version":[{"id":181857,"href":"https:\/\/ferreteriaaries.com\/index.php?rest_route=\/wp\/v2\/product\/119199\/revisions\/181857"}],"wp:attachment":[{"href":"https:\/\/ferreteriaaries.com\/index.php?rest_route=%2Fwp%2Fv2%2Fmedia&parent=119199"}],"wp:term":[{"taxonomy":"product_brand","embeddable":true,"href":"https:\/\/ferreteriaaries.com\/index.php?rest_route=%2Fwp%2Fv2%2Fproduct_brand&post=119199"},{"taxonomy":"product_cat","embeddable":true,"href":"https:\/\/ferreteriaaries.com\/index.php?rest_route=%2Fwp%2Fv2%2Fproduct_cat&post=119199"},{"taxonomy":"product_tag","embeddable":true,"href":"https:\/\/ferreteriaaries.com\/index.php?rest_route=%2Fwp%2Fv2%2Fproduct_tag&post=119199"}],"curies":[{"name":"wp","href":"https:\/\/api.w.org\/{rel}","templated":true}]}}