{"id":119201,"date":"2025-12-12T11:40:52","date_gmt":"2025-12-12T10:40:52","guid":{"rendered":"http:\/\/ferreteriaaries.com\/taco-esponja-lijador-g-grueso-expert-s471\/"},"modified":"2025-12-12T11:40:59","modified_gmt":"2025-12-12T10:40:59","slug":"taco-esponja-lijador-g-grueso-expert-s471","status":"publish","type":"product","link":"https:\/\/ferreteriaaries.com\/?product=taco-esponja-lijador-g-grueso-expert-s471","title":{"rendered":"TACO ESPONJA LIJADOR G GRUESO EXPERT S471"},"content":{"rendered":"<p>El taco esponja lijador G grueso Expert S471 de BOSCH es la herramienta ideal para obtener acabados de alta calidad en proyectos de lijado, tanto en superficies planas como curvas. Gracias a su grano grueso, este lijador es perfecto para trabajos de desbaste y eliminaci\u00f3n de material, permitiendo una acci\u00f3n r\u00e1pida y eficiente. Su dise\u00f1o ergon\u00f3mico y duradero facilita un uso c\u00f3modo y preciso, mientras que la espuma de alta densidad asegura un lijado uniforme y sin marcas. Ideal para uso profesional y de bricolaje, el taco esponja lijador BOSCH es compatible con diversos tipos de materiales, incluyendo madera y metal. Disponible en nuestra tienda online, es la opci\u00f3n perfecta para quienes buscan resultados de calidad en sus proyectos de lijado.<\/p>\n","protected":false},"excerpt":{"rendered":"<p>El taco esponja lijador G grueso Expert S471 de BOSCH es la herramienta ideal para obtener acabados de alta calidad [&hellip;]<\/p>\n","protected":false},"featured_media":117978,"comment_status":"closed","ping_status":"open","template":"","meta":{"_acf_changed":false,"site-sidebar-layout":"default","site-content-layout":"","ast-site-content-layout":"default","site-content-style":"default","site-sidebar-style":"default","ast-global-header-display":"","ast-banner-title-visibility":"","ast-main-header-display":"","ast-hfb-above-header-display":"","ast-hfb-below-header-display":"","ast-hfb-mobile-header-display":"","site-post-title":"","ast-breadcrumbs-content":"","ast-featured-img":"","footer-sml-layout":"","theme-transparent-header-meta":"","adv-header-id-meta":"","stick-header-meta":"","header-above-stick-meta":"","header-main-stick-meta":"","header-below-stick-meta":"","astra-migrate-meta-layouts":"default","ast-page-background-enabled":"default","ast-page-background-meta":{"desktop":{"background-color":"var(--ast-global-color-5)","background-image":"","background-repeat":"repeat","background-position":"center center","background-size":"auto","background-attachment":"scroll","background-type":"","background-media":"","overlay-type":"","overlay-color":"","overlay-opacity":"","overlay-gradient":""},"tablet":{"background-color":"","background-image":"","background-repeat":"repeat","background-position":"center center","background-size":"auto","background-attachment":"scroll","background-type":"","background-media":"","overlay-type":"","overlay-color":"","overlay-opacity":"","overlay-gradient":""},"mobile":{"background-color":"","background-image":"","background-repeat":"repeat","background-position":"center center","background-size":"auto","background-attachment":"scroll","background-type":"","background-media":"","overlay-type":"","overlay-color":"","overlay-opacity":"","overlay-gradient":""}},"ast-content-background-meta":{"desktop":{"background-color":"var(--ast-global-color-4)","background-image":"","background-repeat":"repeat","background-position":"center center","background-size":"auto","background-attachment":"scroll","background-type":"","background-media":"","overlay-type":"","overlay-color":"","overlay-opacity":"","overlay-gradient":""},"tablet":{"background-color":"var(--ast-global-color-4)","background-image":"","background-repeat":"repeat","background-position":"center center","background-size":"auto","background-attachment":"scroll","background-type":"","background-media":"","overlay-type":"","overlay-color":"","overlay-opacity":"","overlay-gradient":""},"mobile":{"background-color":"var(--ast-global-color-4)","background-image":"","background-repeat":"repeat","background-position":"center center","background-size":"auto","background-attachment":"scroll","background-type":"","background-media":"","overlay-type":"","overlay-color":"","overlay-opacity":"","overlay-gradient":""}}},"product_brand":[3937],"product_cat":[4725,2056,2055],"product_tag":[],"class_list":{"0":"post-119201","1":"product","2":"type-product","3":"status-publish","4":"has-post-thumbnail","6":"product_brand-bosch","7":"product_cat-abrasivos","8":"product_cat-adhesivos-y-lubricantes","9":"product_cat-ferreteria","10":"desktop-align-left","11":"tablet-align-left","12":"mobile-align-left","13":"ast-product-gallery-layout-horizontal-slider","14":"ast-product-gallery-with-no-image","15":"ast-product-tabs-layout-horizontal","17":"first","18":"instock","19":"purchasable","20":"product-type-simple"},"acf":[],"_links":{"self":[{"href":"https:\/\/ferreteriaaries.com\/index.php?rest_route=\/wp\/v2\/product\/119201","targetHints":{"allow":["GET"]}}],"collection":[{"href":"https:\/\/ferreteriaaries.com\/index.php?rest_route=\/wp\/v2\/product"}],"about":[{"href":"https:\/\/ferreteriaaries.com\/index.php?rest_route=\/wp\/v2\/types\/product"}],"replies":[{"embeddable":true,"href":"https:\/\/ferreteriaaries.com\/index.php?rest_route=%2Fwp%2Fv2%2Fcomments&post=119201"}],"version-history":[{"count":5,"href":"https:\/\/ferreteriaaries.com\/index.php?rest_route=\/wp\/v2\/product\/119201\/revisions"}],"predecessor-version":[{"id":181858,"href":"https:\/\/ferreteriaaries.com\/index.php?rest_route=\/wp\/v2\/product\/119201\/revisions\/181858"}],"wp:featuredmedia":[{"embeddable":true,"href":"https:\/\/ferreteriaaries.com\/index.php?rest_route=\/wp\/v2\/media\/117978"}],"wp:attachment":[{"href":"https:\/\/ferreteriaaries.com\/index.php?rest_route=%2Fwp%2Fv2%2Fmedia&parent=119201"}],"wp:term":[{"taxonomy":"product_brand","embeddable":true,"href":"https:\/\/ferreteriaaries.com\/index.php?rest_route=%2Fwp%2Fv2%2Fproduct_brand&post=119201"},{"taxonomy":"product_cat","embeddable":true,"href":"https:\/\/ferreteriaaries.com\/index.php?rest_route=%2Fwp%2Fv2%2Fproduct_cat&post=119201"},{"taxonomy":"product_tag","embeddable":true,"href":"https:\/\/ferreteriaaries.com\/index.php?rest_route=%2Fwp%2Fv2%2Fproduct_tag&post=119201"}],"curies":[{"name":"wp","href":"https:\/\/api.w.org\/{rel}","templated":true}]}}