{"id":124667,"date":"2025-12-12T12:05:15","date_gmt":"2025-12-12T11:05:15","guid":{"rendered":"http:\/\/ferreteriaaries.com\/estufa-lena-ecodesign-sintra\/"},"modified":"2025-12-12T12:05:22","modified_gmt":"2025-12-12T11:05:22","slug":"estufa-lena-ecodesign-sintra","status":"publish","type":"product","link":"https:\/\/ferreteriaaries.com\/?product=estufa-lena-ecodesign-sintra","title":{"rendered":"ESTUFA LE\u00d1A ECODESIGN SINTRA"},"content":{"rendered":"<p>La Estufa de Le\u00f1a SINTRA EcoDesign de Panadero es la soluci\u00f3n perfecta para quienes buscan una calefacci\u00f3n ecol\u00f3gica, potente y con estilo en Zaragoza y alrededores. Fabricada en acero de alta calidad y con certificaci\u00f3n EcoDesign 2022, garantiza un rendimiento t\u00e9rmico superior cumpliendo con las normativas europeas m\u00e1s exigentes en eficiencia y emisiones. Caracter\u00edsticas principales:  Potencia calor\u00edfica: 6,3 kW  Rendimiento: 80%  EcoDesign 2022: bajas emisiones y alta eficiencia  Dimensiones: 74,5 \u00d7 36 \u00d7 42 cm (alto \u00d7 ancho \u00d7 fondo)  Capacidad de le\u00f1a: troncos de hasta 40 cm  Materiales: acero reforzado, puerta y parrilla de hierro fundido  Cristal limpio: visi\u00f3n clara del fuego gracias al sistema de limpieza autom\u00e1tica del cristal  Peso neto: 52 kg | Peso bruto: 63 kg. Ideal para calentar estancias de hasta 150 m\u00b3, esta estufa combina dise\u00f1o moderno, respeto por el medio ambiente y una gran capacidad calor\u00edfica.<\/p>\n","protected":false},"excerpt":{"rendered":"<p>La Estufa de Le\u00f1a SINTRA EcoDesign de Panadero es la soluci\u00f3n perfecta para quienes buscan una calefacci\u00f3n ecol\u00f3gica, potente y [&hellip;]<\/p>\n","protected":false},"featured_media":124669,"comment_status":"closed","ping_status":"open","template":"","meta":{"_acf_changed":false,"site-sidebar-layout":"default","site-content-layout":"","ast-site-content-layout":"default","site-content-style":"default","site-sidebar-style":"default","ast-global-header-display":"","ast-banner-title-visibility":"","ast-main-header-display":"","ast-hfb-above-header-display":"","ast-hfb-below-header-display":"","ast-hfb-mobile-header-display":"","site-post-title":"","ast-breadcrumbs-content":"","ast-featured-img":"","footer-sml-layout":"","theme-transparent-header-meta":"","adv-header-id-meta":"","stick-header-meta":"","header-above-stick-meta":"","header-main-stick-meta":"","header-below-stick-meta":"","astra-migrate-meta-layouts":"default","ast-page-background-enabled":"default","ast-page-background-meta":{"desktop":{"background-color":"var(--ast-global-color-5)","background-image":"","background-repeat":"repeat","background-position":"center center","background-size":"auto","background-attachment":"scroll","background-type":"","background-media":"","overlay-type":"","overlay-color":"","overlay-opacity":"","overlay-gradient":""},"tablet":{"background-color":"","background-image":"","background-repeat":"repeat","background-position":"center center","background-size":"auto","background-attachment":"scroll","background-type":"","background-media":"","overlay-type":"","overlay-color":"","overlay-opacity":"","overlay-gradient":""},"mobile":{"background-color":"","background-image":"","background-repeat":"repeat","background-position":"center center","background-size":"auto","background-attachment":"scroll","background-type":"","background-media":"","overlay-type":"","overlay-color":"","overlay-opacity":"","overlay-gradient":""}},"ast-content-background-meta":{"desktop":{"background-color":"var(--ast-global-color-4)","background-image":"","background-repeat":"repeat","background-position":"center center","background-size":"auto","background-attachment":"scroll","background-type":"","background-media":"","overlay-type":"","overlay-color":"","overlay-opacity":"","overlay-gradient":""},"tablet":{"background-color":"var(--ast-global-color-4)","background-image":"","background-repeat":"repeat","background-position":"center center","background-size":"auto","background-attachment":"scroll","background-type":"","background-media":"","overlay-type":"","overlay-color":"","overlay-opacity":"","overlay-gradient":""},"mobile":{"background-color":"var(--ast-global-color-4)","background-image":"","background-repeat":"repeat","background-position":"center center","background-size":"auto","background-attachment":"scroll","background-type":"","background-media":"","overlay-type":"","overlay-color":"","overlay-opacity":"","overlay-gradient":""}}},"product_brand":[4579],"product_cat":[4679,2185],"product_tag":[],"class_list":{"0":"post-124667","1":"product","2":"type-product","3":"status-publish","4":"has-post-thumbnail","6":"product_brand-panadero","7":"product_cat-estufa-de-lena","8":"product_cat-estufas-y-climatizacion","9":"desktop-align-left","10":"tablet-align-left","11":"mobile-align-left","12":"ast-product-gallery-layout-horizontal-slider","13":"ast-product-gallery-with-no-image","14":"ast-product-tabs-layout-horizontal","16":"first","17":"instock","18":"purchasable","19":"product-type-simple"},"acf":[],"_links":{"self":[{"href":"https:\/\/ferreteriaaries.com\/index.php?rest_route=\/wp\/v2\/product\/124667","targetHints":{"allow":["GET"]}}],"collection":[{"href":"https:\/\/ferreteriaaries.com\/index.php?rest_route=\/wp\/v2\/product"}],"about":[{"href":"https:\/\/ferreteriaaries.com\/index.php?rest_route=\/wp\/v2\/types\/product"}],"replies":[{"embeddable":true,"href":"https:\/\/ferreteriaaries.com\/index.php?rest_route=%2Fwp%2Fv2%2Fcomments&post=124667"}],"version-history":[{"count":3,"href":"https:\/\/ferreteriaaries.com\/index.php?rest_route=\/wp\/v2\/product\/124667\/revisions"}],"predecessor-version":[{"id":183564,"href":"https:\/\/ferreteriaaries.com\/index.php?rest_route=\/wp\/v2\/product\/124667\/revisions\/183564"}],"wp:featuredmedia":[{"embeddable":true,"href":"https:\/\/ferreteriaaries.com\/index.php?rest_route=\/wp\/v2\/media\/124669"}],"wp:attachment":[{"href":"https:\/\/ferreteriaaries.com\/index.php?rest_route=%2Fwp%2Fv2%2Fmedia&parent=124667"}],"wp:term":[{"taxonomy":"product_brand","embeddable":true,"href":"https:\/\/ferreteriaaries.com\/index.php?rest_route=%2Fwp%2Fv2%2Fproduct_brand&post=124667"},{"taxonomy":"product_cat","embeddable":true,"href":"https:\/\/ferreteriaaries.com\/index.php?rest_route=%2Fwp%2Fv2%2Fproduct_cat&post=124667"},{"taxonomy":"product_tag","embeddable":true,"href":"https:\/\/ferreteriaaries.com\/index.php?rest_route=%2Fwp%2Fv2%2Fproduct_tag&post=124667"}],"curies":[{"name":"wp","href":"https:\/\/api.w.org\/{rel}","templated":true}]}}