{"id":131868,"date":"2025-12-12T12:36:15","date_gmt":"2025-12-12T11:36:15","guid":{"rendered":"http:\/\/ferreteriaaries.com\/pintura-manualidades-malva\/"},"modified":"2025-12-12T12:36:23","modified_gmt":"2025-12-12T11:36:23","slug":"pintura-manualidades-malva","status":"publish","type":"product","link":"https:\/\/ferreteriaaries.com\/?product=pintura-manualidades-malva","title":{"rendered":"PINTURA MANUALIDADES MALVA"},"content":{"rendered":"<p>Descubre la pintura para manualidades AQUALUX, ideal para artistas, aficionados al DIY y creativos que buscan acabados de alta calidad. Esta pintura acr\u00edlica al agua destaca por su alta pigmentaci\u00f3n, excelente adherencia y seco r\u00e1pido, convirti\u00e9ndola en la elecci\u00f3n perfecta para todo tipo de proyectos artesanales. Colores intensos y duraderos. F\u00e1cil aplicaci\u00f3n sobre madera, papel, cer\u00e1mica, tela y m\u00e1s. No t\u00f3xica y segura para uso escolar y dom\u00e9stico. Tanto si eres principiante como profesional, AQUALUX ofrece una gama completa de colores para dar vida a tus ideas. Su f\u00f3rmula vers\u00e1til permite realizar t\u00e9cnicas como decoupage, est\u00e9ncil, pincel seco y otras.<\/p>\n","protected":false},"excerpt":{"rendered":"<p>Descubre la pintura para manualidades AQUALUX, ideal para artistas, aficionados al DIY y creativos que buscan acabados de alta calidad. [&hellip;]<\/p>\n","protected":false},"featured_media":131867,"comment_status":"closed","ping_status":"open","template":"","meta":{"_acf_changed":false,"site-sidebar-layout":"default","site-content-layout":"","ast-site-content-layout":"default","site-content-style":"default","site-sidebar-style":"default","ast-global-header-display":"","ast-banner-title-visibility":"","ast-main-header-display":"","ast-hfb-above-header-display":"","ast-hfb-below-header-display":"","ast-hfb-mobile-header-display":"","site-post-title":"","ast-breadcrumbs-content":"","ast-featured-img":"","footer-sml-layout":"","theme-transparent-header-meta":"","adv-header-id-meta":"","stick-header-meta":"","header-above-stick-meta":"","header-main-stick-meta":"","header-below-stick-meta":"","astra-migrate-meta-layouts":"default","ast-page-background-enabled":"default","ast-page-background-meta":{"desktop":{"background-color":"var(--ast-global-color-5)","background-image":"","background-repeat":"repeat","background-position":"center center","background-size":"auto","background-attachment":"scroll","background-type":"","background-media":"","overlay-type":"","overlay-color":"","overlay-opacity":"","overlay-gradient":""},"tablet":{"background-color":"","background-image":"","background-repeat":"repeat","background-position":"center center","background-size":"auto","background-attachment":"scroll","background-type":"","background-media":"","overlay-type":"","overlay-color":"","overlay-opacity":"","overlay-gradient":""},"mobile":{"background-color":"","background-image":"","background-repeat":"repeat","background-position":"center center","background-size":"auto","background-attachment":"scroll","background-type":"","background-media":"","overlay-type":"","overlay-color":"","overlay-opacity":"","overlay-gradient":""}},"ast-content-background-meta":{"desktop":{"background-color":"var(--ast-global-color-4)","background-image":"","background-repeat":"repeat","background-position":"center center","background-size":"auto","background-attachment":"scroll","background-type":"","background-media":"","overlay-type":"","overlay-color":"","overlay-opacity":"","overlay-gradient":""},"tablet":{"background-color":"var(--ast-global-color-4)","background-image":"","background-repeat":"repeat","background-position":"center center","background-size":"auto","background-attachment":"scroll","background-type":"","background-media":"","overlay-type":"","overlay-color":"","overlay-opacity":"","overlay-gradient":""},"mobile":{"background-color":"var(--ast-global-color-4)","background-image":"","background-repeat":"repeat","background-position":"center center","background-size":"auto","background-attachment":"scroll","background-type":"","background-media":"","overlay-type":"","overlay-color":"","overlay-opacity":"","overlay-gradient":""}}},"product_brand":[4525],"product_cat":[2435,2436,2437],"product_tag":[],"class_list":{"0":"post-131868","1":"product","2":"type-product","3":"status-publish","4":"has-post-thumbnail","6":"product_brand-acualux","7":"product_cat-manualidades-arte","8":"product_cat-pintura","9":"product_cat-temperas","10":"desktop-align-left","11":"tablet-align-left","12":"mobile-align-left","13":"ast-product-gallery-layout-horizontal-slider","14":"ast-product-gallery-with-no-image","15":"ast-product-tabs-layout-horizontal","17":"first","18":"instock","19":"purchasable","20":"product-type-simple"},"acf":[],"_links":{"self":[{"href":"https:\/\/ferreteriaaries.com\/index.php?rest_route=\/wp\/v2\/product\/131868","targetHints":{"allow":["GET"]}}],"collection":[{"href":"https:\/\/ferreteriaaries.com\/index.php?rest_route=\/wp\/v2\/product"}],"about":[{"href":"https:\/\/ferreteriaaries.com\/index.php?rest_route=\/wp\/v2\/types\/product"}],"replies":[{"embeddable":true,"href":"https:\/\/ferreteriaaries.com\/index.php?rest_route=%2Fwp%2Fv2%2Fcomments&post=131868"}],"version-history":[{"count":5,"href":"https:\/\/ferreteriaaries.com\/index.php?rest_route=\/wp\/v2\/product\/131868\/revisions"}],"predecessor-version":[{"id":185385,"href":"https:\/\/ferreteriaaries.com\/index.php?rest_route=\/wp\/v2\/product\/131868\/revisions\/185385"}],"wp:featuredmedia":[{"embeddable":true,"href":"https:\/\/ferreteriaaries.com\/index.php?rest_route=\/wp\/v2\/media\/131867"}],"wp:attachment":[{"href":"https:\/\/ferreteriaaries.com\/index.php?rest_route=%2Fwp%2Fv2%2Fmedia&parent=131868"}],"wp:term":[{"taxonomy":"product_brand","embeddable":true,"href":"https:\/\/ferreteriaaries.com\/index.php?rest_route=%2Fwp%2Fv2%2Fproduct_brand&post=131868"},{"taxonomy":"product_cat","embeddable":true,"href":"https:\/\/ferreteriaaries.com\/index.php?rest_route=%2Fwp%2Fv2%2Fproduct_cat&post=131868"},{"taxonomy":"product_tag","embeddable":true,"href":"https:\/\/ferreteriaaries.com\/index.php?rest_route=%2Fwp%2Fv2%2Fproduct_tag&post=131868"}],"curies":[{"name":"wp","href":"https:\/\/api.w.org\/{rel}","templated":true}]}}