{"id":150747,"date":"2025-12-12T13:58:20","date_gmt":"2025-12-12T12:58:20","guid":{"rendered":"http:\/\/ferreteriaaries.com\/zapato-piel-s3-punteraplant-5\/"},"modified":"2025-12-12T13:58:30","modified_gmt":"2025-12-12T12:58:30","slug":"zapato-piel-s3-punteraplant-5","status":"publish","type":"product","link":"https:\/\/ferreteriaaries.com\/?product=zapato-piel-s3-punteraplant-5","title":{"rendered":"ZAPATO PIEL S3 PUNTERA+PLANT"},"content":{"rendered":"<p>Certificado S3 seg\u00fan EN ISO 20345. Piel Natural 1\u00aa Flor Hidr\u00f3fuga. Puntera Pl\u00e1stica Anti impactos 200J y Plantilla anti-perforaci\u00f3n Textil. Suela inyectada directamente sobre el corte en PU+TPU s\u00faper ligera y flexible. Plantilla antiest\u00e1tica y antiba<\/p>\n","protected":false},"excerpt":{"rendered":"<p>Certificado S3 seg\u00fan EN ISO 20345. Piel Natural 1\u00aa Flor Hidr\u00f3fuga. Puntera Pl\u00e1stica Anti impactos 200J y Plantilla anti-perforaci\u00f3n Textil. [&hellip;]<\/p>\n","protected":false},"featured_media":150740,"comment_status":"closed","ping_status":"open","template":"","meta":{"_acf_changed":false,"site-sidebar-layout":"default","site-content-layout":"","ast-site-content-layout":"default","site-content-style":"default","site-sidebar-style":"default","ast-global-header-display":"","ast-banner-title-visibility":"","ast-main-header-display":"","ast-hfb-above-header-display":"","ast-hfb-below-header-display":"","ast-hfb-mobile-header-display":"","site-post-title":"","ast-breadcrumbs-content":"","ast-featured-img":"","footer-sml-layout":"","theme-transparent-header-meta":"","adv-header-id-meta":"","stick-header-meta":"","header-above-stick-meta":"","header-main-stick-meta":"","header-below-stick-meta":"","astra-migrate-meta-layouts":"default","ast-page-background-enabled":"default","ast-page-background-meta":{"desktop":{"background-color":"var(--ast-global-color-5)","background-image":"","background-repeat":"repeat","background-position":"center center","background-size":"auto","background-attachment":"scroll","background-type":"","background-media":"","overlay-type":"","overlay-color":"","overlay-opacity":"","overlay-gradient":""},"tablet":{"background-color":"","background-image":"","background-repeat":"repeat","background-position":"center center","background-size":"auto","background-attachment":"scroll","background-type":"","background-media":"","overlay-type":"","overlay-color":"","overlay-opacity":"","overlay-gradient":""},"mobile":{"background-color":"","background-image":"","background-repeat":"repeat","background-position":"center center","background-size":"auto","background-attachment":"scroll","background-type":"","background-media":"","overlay-type":"","overlay-color":"","overlay-opacity":"","overlay-gradient":""}},"ast-content-background-meta":{"desktop":{"background-color":"var(--ast-global-color-4)","background-image":"","background-repeat":"repeat","background-position":"center center","background-size":"auto","background-attachment":"scroll","background-type":"","background-media":"","overlay-type":"","overlay-color":"","overlay-opacity":"","overlay-gradient":""},"tablet":{"background-color":"var(--ast-global-color-4)","background-image":"","background-repeat":"repeat","background-position":"center center","background-size":"auto","background-attachment":"scroll","background-type":"","background-media":"","overlay-type":"","overlay-color":"","overlay-opacity":"","overlay-gradient":""},"mobile":{"background-color":"var(--ast-global-color-4)","background-image":"","background-repeat":"repeat","background-position":"center center","background-size":"auto","background-attachment":"scroll","background-type":"","background-media":"","overlay-type":"","overlay-color":"","overlay-opacity":"","overlay-gradient":""}}},"product_brand":[4190],"product_cat":[1169,2055,3041],"product_tag":[],"class_list":{"0":"post-150747","1":"product","2":"type-product","3":"status-publish","4":"has-post-thumbnail","6":"product_brand-panter","7":"product_cat-bota-de-seguridad","8":"product_cat-ferreteria","9":"product_cat-proteccion-laboral","10":"desktop-align-left","11":"tablet-align-left","12":"mobile-align-left","13":"ast-product-gallery-layout-horizontal-slider","14":"ast-product-gallery-with-no-image","15":"ast-product-tabs-layout-horizontal","17":"first","18":"instock","19":"purchasable","20":"product-type-simple"},"acf":[],"_links":{"self":[{"href":"https:\/\/ferreteriaaries.com\/index.php?rest_route=\/wp\/v2\/product\/150747","targetHints":{"allow":["GET"]}}],"collection":[{"href":"https:\/\/ferreteriaaries.com\/index.php?rest_route=\/wp\/v2\/product"}],"about":[{"href":"https:\/\/ferreteriaaries.com\/index.php?rest_route=\/wp\/v2\/types\/product"}],"replies":[{"embeddable":true,"href":"https:\/\/ferreteriaaries.com\/index.php?rest_route=%2Fwp%2Fv2%2Fcomments&post=150747"}],"version-history":[{"count":2,"href":"https:\/\/ferreteriaaries.com\/index.php?rest_route=\/wp\/v2\/product\/150747\/revisions"}],"predecessor-version":[{"id":190098,"href":"https:\/\/ferreteriaaries.com\/index.php?rest_route=\/wp\/v2\/product\/150747\/revisions\/190098"}],"wp:featuredmedia":[{"embeddable":true,"href":"https:\/\/ferreteriaaries.com\/index.php?rest_route=\/wp\/v2\/media\/150740"}],"wp:attachment":[{"href":"https:\/\/ferreteriaaries.com\/index.php?rest_route=%2Fwp%2Fv2%2Fmedia&parent=150747"}],"wp:term":[{"taxonomy":"product_brand","embeddable":true,"href":"https:\/\/ferreteriaaries.com\/index.php?rest_route=%2Fwp%2Fv2%2Fproduct_brand&post=150747"},{"taxonomy":"product_cat","embeddable":true,"href":"https:\/\/ferreteriaaries.com\/index.php?rest_route=%2Fwp%2Fv2%2Fproduct_cat&post=150747"},{"taxonomy":"product_tag","embeddable":true,"href":"https:\/\/ferreteriaaries.com\/index.php?rest_route=%2Fwp%2Fv2%2Fproduct_tag&post=150747"}],"curies":[{"name":"wp","href":"https:\/\/api.w.org\/{rel}","templated":true}]}}