{"id":151236,"date":"2025-12-12T14:00:52","date_gmt":"2025-12-12T13:00:52","guid":{"rendered":"http:\/\/ferreteriaaries.com\/absorbedor-elastico-y-gancho\/"},"modified":"2025-12-12T14:01:02","modified_gmt":"2025-12-12T13:01:02","slug":"absorbedor-elastico-y-gancho","status":"publish","type":"product","link":"https:\/\/ferreteriaaries.com\/?product=absorbedor-elastico-y-gancho","title":{"rendered":"ABSORBEDOR ELASTICO Y GANCHO"},"content":{"rendered":"<p>Cinta el\u00e1stica en \u201cY\u201d STEEL FLEX con absorbedor y mosquetones. Caracter\u00edsticas: Cinta el\u00e1stica en \u201cY\u201d de 1,50 metros con absorbedor de energ\u00eda ERGO SHOCK, mosquetones de acero autom\u00e1tico apertura r\u00e1pida y 2 mosquetones ligeros de aluminio tipo gancho<\/p>\n","protected":false},"excerpt":{"rendered":"<p>Cinta el\u00e1stica en \u201cY\u201d STEEL FLEX con absorbedor y mosquetones. Caracter\u00edsticas: Cinta el\u00e1stica en \u201cY\u201d de 1,50 metros con absorbedor [&hellip;]<\/p>\n","protected":false},"featured_media":151238,"comment_status":"closed","ping_status":"open","template":"","meta":{"_acf_changed":false,"site-sidebar-layout":"default","site-content-layout":"","ast-site-content-layout":"default","site-content-style":"default","site-sidebar-style":"default","ast-global-header-display":"","ast-banner-title-visibility":"","ast-main-header-display":"","ast-hfb-above-header-display":"","ast-hfb-below-header-display":"","ast-hfb-mobile-header-display":"","site-post-title":"","ast-breadcrumbs-content":"","ast-featured-img":"","footer-sml-layout":"","theme-transparent-header-meta":"","adv-header-id-meta":"","stick-header-meta":"","header-above-stick-meta":"","header-main-stick-meta":"","header-below-stick-meta":"","astra-migrate-meta-layouts":"default","ast-page-background-enabled":"default","ast-page-background-meta":{"desktop":{"background-color":"var(--ast-global-color-5)","background-image":"","background-repeat":"repeat","background-position":"center center","background-size":"auto","background-attachment":"scroll","background-type":"","background-media":"","overlay-type":"","overlay-color":"","overlay-opacity":"","overlay-gradient":""},"tablet":{"background-color":"","background-image":"","background-repeat":"repeat","background-position":"center center","background-size":"auto","background-attachment":"scroll","background-type":"","background-media":"","overlay-type":"","overlay-color":"","overlay-opacity":"","overlay-gradient":""},"mobile":{"background-color":"","background-image":"","background-repeat":"repeat","background-position":"center center","background-size":"auto","background-attachment":"scroll","background-type":"","background-media":"","overlay-type":"","overlay-color":"","overlay-opacity":"","overlay-gradient":""}},"ast-content-background-meta":{"desktop":{"background-color":"var(--ast-global-color-4)","background-image":"","background-repeat":"repeat","background-position":"center center","background-size":"auto","background-attachment":"scroll","background-type":"","background-media":"","overlay-type":"","overlay-color":"","overlay-opacity":"","overlay-gradient":""},"tablet":{"background-color":"var(--ast-global-color-4)","background-image":"","background-repeat":"repeat","background-position":"center center","background-size":"auto","background-attachment":"scroll","background-type":"","background-media":"","overlay-type":"","overlay-color":"","overlay-opacity":"","overlay-gradient":""},"mobile":{"background-color":"var(--ast-global-color-4)","background-image":"","background-repeat":"repeat","background-position":"center center","background-size":"auto","background-attachment":"scroll","background-type":"","background-media":"","overlay-type":"","overlay-color":"","overlay-opacity":"","overlay-gradient":""}}},"product_brand":[4185],"product_cat":[3054,3053,2055,3041],"product_tag":[],"class_list":{"0":"post-151236","1":"product","2":"type-product","3":"status-publish","4":"has-post-thumbnail","6":"product_brand-steel-fex","7":"product_cat-arnes-seguridad","8":"product_cat-cinturon","9":"product_cat-ferreteria","10":"product_cat-proteccion-laboral","11":"desktop-align-left","12":"tablet-align-left","13":"mobile-align-left","14":"ast-product-gallery-layout-horizontal-slider","15":"ast-product-gallery-with-no-image","16":"ast-product-tabs-layout-horizontal","18":"first","19":"instock","20":"purchasable","21":"product-type-simple"},"acf":[],"_links":{"self":[{"href":"https:\/\/ferreteriaaries.com\/index.php?rest_route=\/wp\/v2\/product\/151236","targetHints":{"allow":["GET"]}}],"collection":[{"href":"https:\/\/ferreteriaaries.com\/index.php?rest_route=\/wp\/v2\/product"}],"about":[{"href":"https:\/\/ferreteriaaries.com\/index.php?rest_route=\/wp\/v2\/types\/product"}],"replies":[{"embeddable":true,"href":"https:\/\/ferreteriaaries.com\/index.php?rest_route=%2Fwp%2Fv2%2Fcomments&post=151236"}],"version-history":[{"count":3,"href":"https:\/\/ferreteriaaries.com\/index.php?rest_route=\/wp\/v2\/product\/151236\/revisions"}],"predecessor-version":[{"id":190285,"href":"https:\/\/ferreteriaaries.com\/index.php?rest_route=\/wp\/v2\/product\/151236\/revisions\/190285"}],"wp:featuredmedia":[{"embeddable":true,"href":"https:\/\/ferreteriaaries.com\/index.php?rest_route=\/wp\/v2\/media\/151238"}],"wp:attachment":[{"href":"https:\/\/ferreteriaaries.com\/index.php?rest_route=%2Fwp%2Fv2%2Fmedia&parent=151236"}],"wp:term":[{"taxonomy":"product_brand","embeddable":true,"href":"https:\/\/ferreteriaaries.com\/index.php?rest_route=%2Fwp%2Fv2%2Fproduct_brand&post=151236"},{"taxonomy":"product_cat","embeddable":true,"href":"https:\/\/ferreteriaaries.com\/index.php?rest_route=%2Fwp%2Fv2%2Fproduct_cat&post=151236"},{"taxonomy":"product_tag","embeddable":true,"href":"https:\/\/ferreteriaaries.com\/index.php?rest_route=%2Fwp%2Fv2%2Fproduct_tag&post=151236"}],"curies":[{"name":"wp","href":"https:\/\/api.w.org\/{rel}","templated":true}]}}