{"id":152431,"date":"2025-12-12T14:06:18","date_gmt":"2025-12-12T13:06:18","guid":{"rendered":"http:\/\/ferreteriaaries.com\/desengrasante-industri-biodegr\/"},"modified":"2025-12-12T14:06:30","modified_gmt":"2025-12-12T13:06:30","slug":"desengrasante-industri-biodegr","status":"publish","type":"product","link":"https:\/\/ferreteriaaries.com\/?product=desengrasante-industri-biodegr","title":{"rendered":"DESENGRASANTE INDUSTRI BIODEGR"},"content":{"rendered":"<p>5 l. Desengrasante industrial de los mil usos. Adecuado para la limpieza de la industria en general, automoci\u00f3n, n\u00e1utica, industria de catering, sector hosteler\u00eda y restauraci\u00f3n, mobiliario de jard\u00edn, pavimentos.<\/p>\n","protected":false},"excerpt":{"rendered":"<p>5 l. Desengrasante industrial de los mil usos. Adecuado para la limpieza de la industria en general, automoci\u00f3n, n\u00e1utica, industria [&hellip;]<\/p>\n","protected":false},"featured_media":152433,"comment_status":"closed","ping_status":"open","template":"","meta":{"_acf_changed":false,"site-sidebar-layout":"default","site-content-layout":"","ast-site-content-layout":"default","site-content-style":"default","site-sidebar-style":"default","ast-global-header-display":"","ast-banner-title-visibility":"","ast-main-header-display":"","ast-hfb-above-header-display":"","ast-hfb-below-header-display":"","ast-hfb-mobile-header-display":"","site-post-title":"","ast-breadcrumbs-content":"","ast-featured-img":"","footer-sml-layout":"","theme-transparent-header-meta":"","adv-header-id-meta":"","stick-header-meta":"","header-above-stick-meta":"","header-main-stick-meta":"","header-below-stick-meta":"","astra-migrate-meta-layouts":"default","ast-page-background-enabled":"default","ast-page-background-meta":{"desktop":{"background-color":"var(--ast-global-color-5)","background-image":"","background-repeat":"repeat","background-position":"center center","background-size":"auto","background-attachment":"scroll","background-type":"","background-media":"","overlay-type":"","overlay-color":"","overlay-opacity":"","overlay-gradient":""},"tablet":{"background-color":"","background-image":"","background-repeat":"repeat","background-position":"center center","background-size":"auto","background-attachment":"scroll","background-type":"","background-media":"","overlay-type":"","overlay-color":"","overlay-opacity":"","overlay-gradient":""},"mobile":{"background-color":"","background-image":"","background-repeat":"repeat","background-position":"center center","background-size":"auto","background-attachment":"scroll","background-type":"","background-media":"","overlay-type":"","overlay-color":"","overlay-opacity":"","overlay-gradient":""}},"ast-content-background-meta":{"desktop":{"background-color":"var(--ast-global-color-4)","background-image":"","background-repeat":"repeat","background-position":"center center","background-size":"auto","background-attachment":"scroll","background-type":"","background-media":"","overlay-type":"","overlay-color":"","overlay-opacity":"","overlay-gradient":""},"tablet":{"background-color":"var(--ast-global-color-4)","background-image":"","background-repeat":"repeat","background-position":"center center","background-size":"auto","background-attachment":"scroll","background-type":"","background-media":"","overlay-type":"","overlay-color":"","overlay-opacity":"","overlay-gradient":""},"mobile":{"background-color":"var(--ast-global-color-4)","background-image":"","background-repeat":"repeat","background-position":"center center","background-size":"auto","background-attachment":"scroll","background-type":"","background-media":"","overlay-type":"","overlay-color":"","overlay-opacity":"","overlay-gradient":""}}},"product_brand":[3777],"product_cat":[3084,3079,3083],"product_tag":[],"class_list":{"0":"post-152431","1":"product","2":"type-product","3":"status-publish","4":"has-post-thumbnail","6":"product_brand-profer-top","7":"product_cat-desengrasante-desinfectante","8":"product_cat-drogueria-limpieza","9":"product_cat-limpiadores-general","10":"desktop-align-left","11":"tablet-align-left","12":"mobile-align-left","13":"ast-product-gallery-layout-horizontal-slider","14":"ast-product-gallery-with-no-image","15":"ast-product-tabs-layout-horizontal","17":"first","18":"instock","19":"purchasable","20":"product-type-simple"},"acf":[],"_links":{"self":[{"href":"https:\/\/ferreteriaaries.com\/index.php?rest_route=\/wp\/v2\/product\/152431","targetHints":{"allow":["GET"]}}],"collection":[{"href":"https:\/\/ferreteriaaries.com\/index.php?rest_route=\/wp\/v2\/product"}],"about":[{"href":"https:\/\/ferreteriaaries.com\/index.php?rest_route=\/wp\/v2\/types\/product"}],"replies":[{"embeddable":true,"href":"https:\/\/ferreteriaaries.com\/index.php?rest_route=%2Fwp%2Fv2%2Fcomments&post=152431"}],"version-history":[{"count":3,"href":"https:\/\/ferreteriaaries.com\/index.php?rest_route=\/wp\/v2\/product\/152431\/revisions"}],"predecessor-version":[{"id":190744,"href":"https:\/\/ferreteriaaries.com\/index.php?rest_route=\/wp\/v2\/product\/152431\/revisions\/190744"}],"wp:featuredmedia":[{"embeddable":true,"href":"https:\/\/ferreteriaaries.com\/index.php?rest_route=\/wp\/v2\/media\/152433"}],"wp:attachment":[{"href":"https:\/\/ferreteriaaries.com\/index.php?rest_route=%2Fwp%2Fv2%2Fmedia&parent=152431"}],"wp:term":[{"taxonomy":"product_brand","embeddable":true,"href":"https:\/\/ferreteriaaries.com\/index.php?rest_route=%2Fwp%2Fv2%2Fproduct_brand&post=152431"},{"taxonomy":"product_cat","embeddable":true,"href":"https:\/\/ferreteriaaries.com\/index.php?rest_route=%2Fwp%2Fv2%2Fproduct_cat&post=152431"},{"taxonomy":"product_tag","embeddable":true,"href":"https:\/\/ferreteriaaries.com\/index.php?rest_route=%2Fwp%2Fv2%2Fproduct_tag&post=152431"}],"curies":[{"name":"wp","href":"https:\/\/api.w.org\/{rel}","templated":true}]}}