{"id":153402,"date":"2025-12-12T14:10:09","date_gmt":"2025-12-12T13:10:09","guid":{"rendered":"http:\/\/ferreteriaaries.com\/altavoz-bluetooth-negro-luces\/"},"modified":"2025-12-12T14:10:15","modified_gmt":"2025-12-12T13:10:15","slug":"altavoz-bluetooth-negro-luces","status":"publish","type":"product","link":"https:\/\/ferreteriaaries.com\/?product=altavoz-bluetooth-negro-luces","title":{"rendered":"ALTAVOZ BLUETOOTH NEGRO LUCES"},"content":{"rendered":"<p>20W. Bluetooth V5.0 funci\u00f3n manos libres. Tecnolog\u00eda TWS*. Reproduce m\u00fasica por USB y microSD. Entrada Aux-In 3,5 MM. Bater\u00eda Litio-Ion recargable: 1500 mAh.<\/p>\n","protected":false},"excerpt":{"rendered":"<p>20W. Bluetooth V5.0 funci\u00f3n manos libres. Tecnolog\u00eda TWS*. Reproduce m\u00fasica por USB y microSD. Entrada Aux-In 3,5 MM. Bater\u00eda Litio-Ion [&hellip;]<\/p>\n","protected":false},"featured_media":153404,"comment_status":"closed","ping_status":"open","template":"","meta":{"_acf_changed":false,"site-sidebar-layout":"default","site-content-layout":"","ast-site-content-layout":"default","site-content-style":"default","site-sidebar-style":"default","ast-global-header-display":"","ast-banner-title-visibility":"","ast-main-header-display":"","ast-hfb-above-header-display":"","ast-hfb-below-header-display":"","ast-hfb-mobile-header-display":"","site-post-title":"","ast-breadcrumbs-content":"","ast-featured-img":"","footer-sml-layout":"","theme-transparent-header-meta":"","adv-header-id-meta":"","stick-header-meta":"","header-above-stick-meta":"","header-main-stick-meta":"","header-below-stick-meta":"","astra-migrate-meta-layouts":"default","ast-page-background-enabled":"default","ast-page-background-meta":{"desktop":{"background-color":"var(--ast-global-color-5)","background-image":"","background-repeat":"repeat","background-position":"center center","background-size":"auto","background-attachment":"scroll","background-type":"","background-media":"","overlay-type":"","overlay-color":"","overlay-opacity":"","overlay-gradient":""},"tablet":{"background-color":"","background-image":"","background-repeat":"repeat","background-position":"center center","background-size":"auto","background-attachment":"scroll","background-type":"","background-media":"","overlay-type":"","overlay-color":"","overlay-opacity":"","overlay-gradient":""},"mobile":{"background-color":"","background-image":"","background-repeat":"repeat","background-position":"center center","background-size":"auto","background-attachment":"scroll","background-type":"","background-media":"","overlay-type":"","overlay-color":"","overlay-opacity":"","overlay-gradient":""}},"ast-content-background-meta":{"desktop":{"background-color":"var(--ast-global-color-4)","background-image":"","background-repeat":"repeat","background-position":"center center","background-size":"auto","background-attachment":"scroll","background-type":"","background-media":"","overlay-type":"","overlay-color":"","overlay-opacity":"","overlay-gradient":""},"tablet":{"background-color":"var(--ast-global-color-4)","background-image":"","background-repeat":"repeat","background-position":"center center","background-size":"auto","background-attachment":"scroll","background-type":"","background-media":"","overlay-type":"","overlay-color":"","overlay-opacity":"","overlay-gradient":""},"mobile":{"background-color":"var(--ast-global-color-4)","background-image":"","background-repeat":"repeat","background-position":"center center","background-size":"auto","background-attachment":"scroll","background-type":"","background-media":"","overlay-type":"","overlay-color":"","overlay-opacity":"","overlay-gradient":""}}},"product_brand":[4010],"product_cat":[1636,3182,3183],"product_tag":[],"class_list":{"0":"post-153402","1":"product","2":"type-product","3":"status-publish","4":"has-post-thumbnail","6":"product_brand-elbe","7":"product_cat-linea-marron","8":"product_cat-menaje-bazar-camping","9":"product_cat-sonido","10":"desktop-align-left","11":"tablet-align-left","12":"mobile-align-left","13":"ast-product-gallery-layout-horizontal-slider","14":"ast-product-gallery-with-no-image","15":"ast-product-tabs-layout-horizontal","17":"first","18":"instock","19":"purchasable","20":"product-type-simple"},"acf":[],"_links":{"self":[{"href":"https:\/\/ferreteriaaries.com\/index.php?rest_route=\/wp\/v2\/product\/153402","targetHints":{"allow":["GET"]}}],"collection":[{"href":"https:\/\/ferreteriaaries.com\/index.php?rest_route=\/wp\/v2\/product"}],"about":[{"href":"https:\/\/ferreteriaaries.com\/index.php?rest_route=\/wp\/v2\/types\/product"}],"replies":[{"embeddable":true,"href":"https:\/\/ferreteriaaries.com\/index.php?rest_route=%2Fwp%2Fv2%2Fcomments&post=153402"}],"version-history":[{"count":3,"href":"https:\/\/ferreteriaaries.com\/index.php?rest_route=\/wp\/v2\/product\/153402\/revisions"}],"predecessor-version":[{"id":191042,"href":"https:\/\/ferreteriaaries.com\/index.php?rest_route=\/wp\/v2\/product\/153402\/revisions\/191042"}],"wp:featuredmedia":[{"embeddable":true,"href":"https:\/\/ferreteriaaries.com\/index.php?rest_route=\/wp\/v2\/media\/153404"}],"wp:attachment":[{"href":"https:\/\/ferreteriaaries.com\/index.php?rest_route=%2Fwp%2Fv2%2Fmedia&parent=153402"}],"wp:term":[{"taxonomy":"product_brand","embeddable":true,"href":"https:\/\/ferreteriaaries.com\/index.php?rest_route=%2Fwp%2Fv2%2Fproduct_brand&post=153402"},{"taxonomy":"product_cat","embeddable":true,"href":"https:\/\/ferreteriaaries.com\/index.php?rest_route=%2Fwp%2Fv2%2Fproduct_cat&post=153402"},{"taxonomy":"product_tag","embeddable":true,"href":"https:\/\/ferreteriaaries.com\/index.php?rest_route=%2Fwp%2Fv2%2Fproduct_tag&post=153402"}],"curies":[{"name":"wp","href":"https:\/\/api.w.org\/{rel}","templated":true}]}}